{"id":90,"date":"2023-10-31T11:14:37","date_gmt":"2023-10-31T11:14:37","guid":{"rendered":"https:\/\/maisondemaitre-fongrave.com\/?page_id=90"},"modified":"2024-10-02T23:36:16","modified_gmt":"2024-10-02T23:36:16","slug":"contact-us","status":"publish","type":"page","link":"https:\/\/maisondemaitre-fongrave.com\/fr\/contact-us\/","title":{"rendered":"Contactez-nous"},"content":{"rendered":"<div class=\"wpb-content-wrapper\"><div data-vc-full-width=\"true\" data-vc-full-width-init=\"false\" class=\"vc_row wpb_row vc_row-fluid vc_custom_1698356219979 vc_row-has-fill\"><div class=\"wpb_column vc_column_container vc_col-sm-12\"><div class=\"vc_column-inner\"><div class=\"wpb_wrapper\"><div class=\"vc_empty_space\"   style=\"height: 200px\"><span class=\"vc_empty_space_inner\"><\/span><\/div><\/div><\/div><\/div><\/div><div class=\"vc_row-full-width vc_clearfix\"><\/div><div class=\"vc_row wpb_row vc_row-fluid vc_custom_1698332740464\"><div class=\"wpb_column vc_column_container vc_col-sm-2\/5\"><div class=\"vc_column-inner\"><div class=\"wpb_wrapper\"><\/div><\/div><\/div><div class=\"wpb_column vc_column_container vc_col-sm-1\/5\"><div class=\"vc_column-inner\"><div class=\"wpb_wrapper\">\n\t<div  class=\"wpb_single_image wpb_content_element vc_align_left  vc_custom_1698332745692\">\n\t\t\n\t\t<figure class=\"wpb_wrapper vc_figure\">\n\t\t\t<div class=\"vc_single_image-wrapper   vc_box_border_grey\"><img loading=\"lazy\" decoding=\"async\" width=\"1897\" height=\"352\" src=\"https:\/\/maisondemaitre-fongrave.com\/wp-content\/uploads\/2023\/10\/accent.png\" class=\"vc_single_image-img attachment-full\" alt=\"\" title=\"\" srcset=\"https:\/\/maisondemaitre-fongrave.com\/wp-content\/uploads\/2023\/10\/accent.png 1897w, https:\/\/maisondemaitre-fongrave.com\/wp-content\/uploads\/2023\/10\/accent-250x46.png 250w, https:\/\/maisondemaitre-fongrave.com\/wp-content\/uploads\/2023\/10\/accent-700x130.png 700w, https:\/\/maisondemaitre-fongrave.com\/wp-content\/uploads\/2023\/10\/accent-768x143.png 768w, https:\/\/maisondemaitre-fongrave.com\/wp-content\/uploads\/2023\/10\/accent-1536x285.png 1536w, https:\/\/maisondemaitre-fongrave.com\/wp-content\/uploads\/2023\/10\/accent-120x22.png 120w\" sizes=\"auto, (max-width: 1897px) 100vw, 1897px\" \/><\/div>\n\t\t<\/figure>\n\t<\/div>\n<\/div><\/div><\/div><div class=\"wpb_column vc_column_container vc_col-sm-2\/5\"><div class=\"vc_column-inner\"><div class=\"wpb_wrapper\"><\/div><\/div><\/div><\/div><div class=\"vc_row wpb_row vc_row-fluid\"><div class=\"wpb_column vc_column_container vc_col-sm-12\"><div class=\"vc_column-inner\"><div class=\"wpb_wrapper\">\n\t<div class=\"wpb_text_column wpb_content_element\" >\n\t\t<div class=\"wpb_wrapper\">\n\t\t\t<h2 style=\"text-align: center;\">Contactez-nous pour toutes questions et informations<\/h2>\n\n\t\t<\/div>\n\t<\/div>\n<\/div><\/div><\/div><\/div><div class=\"vc_row wpb_row vc_row-fluid vc_row-o-content-top vc_row-flex\"><div class=\"wpb_column vc_column_container vc_col-sm-6\"><div class=\"vc_column-inner\"><div class=\"wpb_wrapper\">\n\t<div class=\"wpb_text_column wpb_content_element\" >\n\t\t<div class=\"wpb_wrapper\">\n\t\t\t<p>Mlle Sandy Ozanne<br \/>\nMaison de Ma\u00eetre<br \/>\nTel: +33 7 68 50 13 03<br \/>\nEmail: <a href=\"mailto:info@maisondemaitre-fongrave.com\" data-linkindex=\"0\">info@maisondemaitre-fongrave.com<\/a><\/p>\n<p>47260 Fongrave<br \/>\nLot et Garonne<br \/>\nFrance<\/p>\n<p><span data-olk-copy-source=\"MessageBody\">Siret No: 9324147100013<\/span><\/p>\n<p>Pri\u00e8re de pr\u00e9ciser que vous avez consult\u00e9 le site web dans votre correspondance.<\/p>\n\n\t\t<\/div>\n\t<\/div>\n\n\t<div  class=\"wpb_single_image wpb_content_element vc_align_center  vc_custom_1698762867687\">\n\t\t\n\t\t<figure class=\"wpb_wrapper vc_figure\">\n\t\t\t<div class=\"vc_single_image-wrapper   vc_box_border_grey\"><img loading=\"lazy\" decoding=\"async\" width=\"250\" height=\"125\" src=\"https:\/\/maisondemaitre-fongrave.com\/wp-content\/uploads\/2023\/10\/fongrave-logo-250x125.png\" class=\"vc_single_image-img attachment-medium\" alt=\"\" title=\"fongrave-logo\" srcset=\"\" sizes=\"auto, (max-width: 250px) 100vw, 250px\" data-srcset=\"\" \/><\/div>\n\t\t<\/figure>\n\t<\/div>\n\n\t<div  class=\"wpb_single_image wpb_content_element vc_align_left\">\n\t\t\n\t\t<figure class=\"wpb_wrapper vc_figure\">\n\t\t\t<div class=\"vc_single_image-wrapper   vc_box_border_grey\"><img loading=\"lazy\" decoding=\"async\" width=\"1851\" height=\"1389\" src=\"https:\/\/maisondemaitre-fongrave.com\/wp-content\/uploads\/2023\/10\/fongrave-door.jpg\" class=\"vc_single_image-img attachment-full\" alt=\"\" title=\"fongrave-door\" srcset=\"https:\/\/maisondemaitre-fongrave.com\/wp-content\/uploads\/2023\/10\/fongrave-door.jpg 1851w, https:\/\/maisondemaitre-fongrave.com\/wp-content\/uploads\/2023\/10\/fongrave-door-250x188.jpg 250w, https:\/\/maisondemaitre-fongrave.com\/wp-content\/uploads\/2023\/10\/fongrave-door-700x525.jpg 700w, https:\/\/maisondemaitre-fongrave.com\/wp-content\/uploads\/2023\/10\/fongrave-door-768x576.jpg 768w, https:\/\/maisondemaitre-fongrave.com\/wp-content\/uploads\/2023\/10\/fongrave-door-1536x1153.jpg 1536w, https:\/\/maisondemaitre-fongrave.com\/wp-content\/uploads\/2023\/10\/fongrave-door-120x90.jpg 120w\" sizes=\"auto, (max-width: 1851px) 100vw, 1851px\" \/><\/div>\n\t\t<\/figure>\n\t<\/div>\n<\/div><\/div><\/div><div class=\"wpb_column vc_column_container vc_col-sm-6\"><div class=\"vc_column-inner\"><div class=\"wpb_wrapper\">\n<div class=\"wpcf7 no-js\" id=\"wpcf7-f5-o1\" lang=\"en-US\" dir=\"ltr\">\n<div class=\"screen-reader-response\"><p role=\"status\" aria-live=\"polite\" aria-atomic=\"true\"><\/p> <ul><\/ul><\/div>\n<form action=\"\/fr\/wp-json\/wp\/v2\/pages\/90#wpcf7-f5-o1\" method=\"post\" class=\"wpcf7-form init\" aria-label=\"Contact form\" novalidate=\"novalidate\" data-status=\"init\" data-trp-original-action=\"\/fr\/wp-json\/wp\/v2\/pages\/90#wpcf7-f5-o1\">\n<div style=\"display: none;\">\n<input type=\"hidden\" name=\"_wpcf7\" value=\"5\" \/>\n<input type=\"hidden\" name=\"_wpcf7_version\" value=\"5.8.3\" \/>\n<input type=\"hidden\" name=\"_wpcf7_locale\" value=\"en_US\" \/>\n<input type=\"hidden\" name=\"_wpcf7_unit_tag\" value=\"wpcf7-f5-o1\" \/>\n<input type=\"hidden\" name=\"_wpcf7_container_post\" value=\"0\" \/>\n<input type=\"hidden\" name=\"_wpcf7_posted_data_hash\" value=\"\" \/>\n<\/div>\n<p><span class=\"wpcf7-form-control-wrap\" data-name=\"your-name\"><input size=\"40\" class=\"wpcf7-form-control wpcf7-text wpcf7-validates-as-required\" aria-required=\"true\" aria-invalid=\"false\" placeholder=\"Votre Nom\" value=\"\" type=\"text\" name=\"your-name\" \/><\/span><br \/>\n<span class=\"wpcf7-form-control-wrap\" data-name=\"your-email\"><input size=\"40\" class=\"wpcf7-form-control wpcf7-email wpcf7-validates-as-required wpcf7-text wpcf7-validates-as-email\" aria-required=\"true\" aria-invalid=\"false\" placeholder=\"Votre adresse e-mail\" value=\"\" type=\"email\" name=\"your-email\" \/><\/span><br \/>\n<span class=\"wpcf7-form-control-wrap\" data-name=\"your-phone\"><input size=\"40\" class=\"wpcf7-form-control wpcf7-tel wpcf7-text wpcf7-validates-as-tel\" aria-invalid=\"false\" placeholder=\"Votre num\u00e9ro de t\u00e9l\u00e9phone\" value=\"\" type=\"tel\" name=\"your-phone\" \/><\/span>\n<\/p>\n<div class=\"column-half pr-desktop\">\n\t<p><span class=\"wpcf7-form-control-wrap\" data-name=\"number-of-adults\"><input class=\"wpcf7-form-control wpcf7-number wpcf7-validates-as-number\" min=\"1\" max=\"16\" aria-invalid=\"false\" placeholder=\"Nombre d&#039;adultes\" value=\"\" type=\"number\" name=\"number-of-adults\" \/><\/span>\n\t<\/p>\n<\/div>\n<div class=\"column-half pl-desktop\">\n\t<p><span class=\"wpcf7-form-control-wrap\" data-name=\"number-of-children\"><input class=\"wpcf7-form-control wpcf7-number wpcf7-validates-as-number\" min=\"0\" max=\"16\" aria-invalid=\"false\" placeholder=\"Nombre d&#039;enfants\" value=\"\" type=\"number\" name=\"number-of-children\" \/><\/span>\n\t<\/p>\n<\/div>\n<div class=\"clear\">\n<\/div>\n<p><span class=\"wpcf7-form-control-wrap\" data-name=\"where-find-us\"><select class=\"wpcf7-form-control wpcf7-select\" aria-invalid=\"false\" name=\"where-find-us\"><option value=\"Google Search\">Recherche Google<\/option><option value=\"Other Search Engine\">Autre moteur de recherche<\/option><option value=\"Advert in a magazine\">Annonce dans un magazine<\/option><option value=\"Friend or relative\">D'un ami ou d'un parent<\/option><option value=\"Link on another site\">Lien sur un autre site<\/option><option value=\"Advert in an email\">Annonce dans un e-mail<\/option><option value=\"Poster or flyer\">Affiche ou d\u00e9pliant<\/option><\/select><\/span><br \/>\n<span class=\"wpcf7-form-control-wrap\" data-name=\"your-message\"><textarea cols=\"40\" rows=\"10\" class=\"wpcf7-form-control wpcf7-textarea wpcf7-validates-as-required\" aria-required=\"true\" aria-invalid=\"false\" placeholder=\"Votre message\" name=\"your-message\"><\/textarea><\/span>\n<\/p>\n<p>Ce formulaire enregistre les renseignements ci-dessus. Nous utiliserons ces donn\u00e9es pour vous contacter concernant votre demande, et si vous cochez la case \u00ab bulletin \u00bb, nous aurons l\u2019opportunit\u00e9 de vous envoyer des courriels promotionnels et les derni\u00e8res informations relatives \u00e0 la propri\u00e9t\u00e9. Veuillez consulter notre politique de confidentialit\u00e9 pour v\u00e9rifier de quelle fa\u00e7on vos donn\u00e9es sont prot\u00e9g\u00e9es et utilis\u00e9es.\n<\/p>\n<p><span class=\"wpcf7-form-control-wrap\" data-name=\"consent\"><span class=\"wpcf7-form-control wpcf7-acceptance\"><span class=\"wpcf7-list-item\"><label><input type=\"checkbox\" name=\"consent\" value=\"1\" aria-invalid=\"false\" \/><span class=\"wpcf7-list-item-label\">J\u2019autorise La Maison de Ma\u00eetre \u00e0 enregistrer mon nom et mon adresse \u00e9lectronique.<\/span><\/label><\/span><\/span><\/span><br \/>\n<input class=\"wpcf7-form-control wpcf7-submit has-spinner\" type=\"submit\" value=\"Envoyer\" \/>\n<\/p><div class=\"wpcf7-response-output\" aria-hidden=\"true\"><\/div>\n<input type=\"hidden\" name=\"trp-form-language\" value=\"fr\"\/><\/form>\n<\/div>\n<\/div><\/div><\/div><\/div>\n<\/div>","protected":false},"excerpt":{"rendered":"Contact us for any questions and information Mlle Sandy Ozanne Maison de Ma\u00eetre Tel: +33 7 68 50 13 03 Email: info@maisondemaitre-fongrave.com 47260 Fongrave Lot et Garonne France Siret No: 9324147100013 Please mention you have viewed the website on any correspondence Google SearchOther Search EngineAdvert in a magazineFriend or relativeLink on another siteAdvert in an... <a class=\"view-article\" href=\"https:\/\/maisondemaitre-fongrave.com\/fr\/contact-us\/\">Voir l'article<\/a>","protected":false},"author":1,"featured_media":0,"parent":0,"menu_order":0,"comment_status":"closed","ping_status":"closed","template":"","meta":{"footnotes":""},"class_list":["post-90","page","type-page","status-publish","hentry"],"_links":{"self":[{"href":"https:\/\/maisondemaitre-fongrave.com\/fr\/wp-json\/wp\/v2\/pages\/90","targetHints":{"allow":["GET"]}}],"collection":[{"href":"https:\/\/maisondemaitre-fongrave.com\/fr\/wp-json\/wp\/v2\/pages"}],"about":[{"href":"https:\/\/maisondemaitre-fongrave.com\/fr\/wp-json\/wp\/v2\/types\/page"}],"author":[{"embeddable":true,"href":"https:\/\/maisondemaitre-fongrave.com\/fr\/wp-json\/wp\/v2\/users\/1"}],"replies":[{"embeddable":true,"href":"https:\/\/maisondemaitre-fongrave.com\/fr\/wp-json\/wp\/v2\/comments?post=90"}],"version-history":[{"count":9,"href":"https:\/\/maisondemaitre-fongrave.com\/fr\/wp-json\/wp\/v2\/pages\/90\/revisions"}],"predecessor-version":[{"id":238,"href":"https:\/\/maisondemaitre-fongrave.com\/fr\/wp-json\/wp\/v2\/pages\/90\/revisions\/238"}],"wp:attachment":[{"href":"https:\/\/maisondemaitre-fongrave.com\/fr\/wp-json\/wp\/v2\/media?parent=90"}],"curies":[{"name":"wp","href":"https:\/\/api.w.org\/{rel}","templated":true}]}}