{"id":9,"date":"2023-10-25T22:37:45","date_gmt":"2023-10-25T22:37:45","guid":{"rendered":"https:\/\/maisondemaitre-fongrave.com\/?page_id=9"},"modified":"2024-10-02T22:44:46","modified_gmt":"2024-10-02T22:44:46","slug":"home","status":"publish","type":"page","link":"https:\/\/maisondemaitre-fongrave.com\/fr\/","title":{"rendered":"Page d'accueil"},"content":{"rendered":"<div class=\"wpb-content-wrapper\"><div data-vc-full-width=\"true\" data-vc-full-width-init=\"false\" data-vc-stretch-content=\"true\" class=\"vc_row wpb_row vc_row-fluid vc_row-no-padding\"><div class=\"wpb_column vc_column_container vc_col-sm-12\"><div class=\"vc_column-inner\"><div class=\"wpb_wrapper\">\n\t<div  class=\"wpb_single_image wpb_content_element vc_align_center\">\n\t\t\n\t\t<figure class=\"wpb_wrapper vc_figure\">\n\t\t\t<div class=\"vc_single_image-wrapper   vc_box_border_grey\"><img loading=\"lazy\" decoding=\"async\" width=\"1369\" height=\"781\" src=\"https:\/\/maisondemaitre-fongrave.com\/wp-content\/uploads\/2023\/11\/maison-de-maitre-fongrave-outside.jpg\" class=\"vc_single_image-img attachment-full\" alt=\"\" title=\"maison-de-maitre-fongrave-outside\" srcset=\"https:\/\/maisondemaitre-fongrave.com\/wp-content\/uploads\/2023\/11\/maison-de-maitre-fongrave-outside.jpg 1369w, https:\/\/maisondemaitre-fongrave.com\/wp-content\/uploads\/2023\/11\/maison-de-maitre-fongrave-outside-250x143.jpg 250w, https:\/\/maisondemaitre-fongrave.com\/wp-content\/uploads\/2023\/11\/maison-de-maitre-fongrave-outside-700x399.jpg 700w, https:\/\/maisondemaitre-fongrave.com\/wp-content\/uploads\/2023\/11\/maison-de-maitre-fongrave-outside-768x438.jpg 768w, https:\/\/maisondemaitre-fongrave.com\/wp-content\/uploads\/2023\/11\/maison-de-maitre-fongrave-outside-120x68.jpg 120w\" sizes=\"auto, (max-width: 1369px) 100vw, 1369px\" \/><\/div>\n\t\t<\/figure>\n\t<\/div>\n<\/div><\/div><\/div><\/div><div class=\"vc_row-full-width vc_clearfix\"><\/div><div class=\"vc_row wpb_row vc_row-fluid vc_custom_1698324859736 vc_column-gap-35\"><div class=\"wpb_column vc_column_container vc_col-sm-2\/5\"><div class=\"vc_column-inner\"><div class=\"wpb_wrapper\"><\/div><\/div><\/div><div class=\"wpb_column vc_column_container vc_col-sm-1\/5\"><div class=\"vc_column-inner\"><div class=\"wpb_wrapper\">\n\t<div  class=\"wpb_single_image wpb_content_element vc_align_left  vc_custom_1698324866520\">\n\t\t\n\t\t<figure class=\"wpb_wrapper vc_figure\">\n\t\t\t<div class=\"vc_single_image-wrapper   vc_box_border_grey\"><img loading=\"lazy\" decoding=\"async\" width=\"1897\" height=\"352\" src=\"https:\/\/maisondemaitre-fongrave.com\/wp-content\/uploads\/2023\/10\/accent.png\" class=\"vc_single_image-img attachment-full\" alt=\"\" title=\"\" srcset=\"https:\/\/maisondemaitre-fongrave.com\/wp-content\/uploads\/2023\/10\/accent.png 1897w, https:\/\/maisondemaitre-fongrave.com\/wp-content\/uploads\/2023\/10\/accent-250x46.png 250w, https:\/\/maisondemaitre-fongrave.com\/wp-content\/uploads\/2023\/10\/accent-700x130.png 700w, https:\/\/maisondemaitre-fongrave.com\/wp-content\/uploads\/2023\/10\/accent-768x143.png 768w, https:\/\/maisondemaitre-fongrave.com\/wp-content\/uploads\/2023\/10\/accent-1536x285.png 1536w, https:\/\/maisondemaitre-fongrave.com\/wp-content\/uploads\/2023\/10\/accent-120x22.png 120w\" sizes=\"auto, (max-width: 1897px) 100vw, 1897px\" \/><\/div>\n\t\t<\/figure>\n\t<\/div>\n<\/div><\/div><\/div><div class=\"wpb_column vc_column_container vc_col-sm-2\/5\"><div class=\"vc_column-inner\"><div class=\"wpb_wrapper\"><\/div><\/div><\/div><\/div><div class=\"vc_row wpb_row vc_row-fluid vc_column-gap-35\"><div class=\"wpb_column vc_column_container vc_col-sm-12\"><div class=\"vc_column-inner\"><div class=\"wpb_wrapper\">\n\t<div class=\"wpb_text_column wpb_content_element\" >\n\t\t<div class=\"wpb_wrapper\">\n\t\t\t<h2 style=\"text-align: center;\">La Maison de Ma\u00eetre Fongrave est une grande demeure, construite en 1870, superbement am\u00e9nag\u00e9e et qui r\u00e9pond aux attentes des familles et des groupes les plus exigeants.<\/h2>\n\n\t\t<\/div>\n\t<\/div>\n<\/div><\/div><\/div><div class=\"wpb_column vc_column_container vc_col-sm-6\"><div class=\"vc_column-inner\"><div class=\"wpb_wrapper\">\n\t<div class=\"wpb_text_column wpb_content_element  subhead\" >\n\t\t<div class=\"wpb_wrapper\">\n\t\t\t<p style=\"text-align: left;\">Pos\u00e9 sur les berges de la rivi\u00e8re Lot, dans la campagne du sud-ouest de la France, \u00e0 juste 90 minutes de Bordeaux et de Toulouse, o\u00f9 les collines ondulantes, avec leurs bastides perch\u00e9es et leurs villages pittoresques rencontrent les vall\u00e9es riches et fertiles, se trouve le village idyllique de Fongrave. Le d\u00e9partement du Lot-et-Garonne, qui doit son nom aux deux cours d\u2019eau qui y confluent, a \u00e9t\u00e9 surnomm\u00e9 la Toscane fran\u00e7aise. Cette r\u00e9gion est parfaite pour une r\u00e9elle exp\u00e9rience de l\u2019art de vivre en France, avec ses nombreux march\u00e9s hebdomadaires, ses caf\u00e9s et restaurants aux terrasses accueillantes, ses d\u00e9gustations de vin, ses foires aux antiquit\u00e9s, ses promenades en bateau et ses plages riveraines.<\/p>\n\n\t\t<\/div>\n\t<\/div>\n\n\t<div  class=\"wpb_single_image wpb_content_element vc_align_left\">\n\t\t\n\t\t<figure class=\"wpb_wrapper vc_figure\">\n\t\t\t<div class=\"vc_single_image-wrapper   vc_box_border_grey\"><img loading=\"lazy\" decoding=\"async\" width=\"1856\" height=\"1189\" src=\"https:\/\/maisondemaitre-fongrave.com\/wp-content\/uploads\/2023\/10\/house-main-front.jpg\" class=\"vc_single_image-img attachment-full\" alt=\"\" title=\"\" srcset=\"https:\/\/maisondemaitre-fongrave.com\/wp-content\/uploads\/2023\/10\/house-main-front.jpg 1856w, https:\/\/maisondemaitre-fongrave.com\/wp-content\/uploads\/2023\/10\/house-main-front-250x160.jpg 250w, https:\/\/maisondemaitre-fongrave.com\/wp-content\/uploads\/2023\/10\/house-main-front-700x448.jpg 700w, https:\/\/maisondemaitre-fongrave.com\/wp-content\/uploads\/2023\/10\/house-main-front-768x492.jpg 768w, https:\/\/maisondemaitre-fongrave.com\/wp-content\/uploads\/2023\/10\/house-main-front-1536x984.jpg 1536w, https:\/\/maisondemaitre-fongrave.com\/wp-content\/uploads\/2023\/10\/house-main-front-120x77.jpg 120w\" sizes=\"auto, (max-width: 1856px) 100vw, 1856px\" \/><\/div>\n\t\t<\/figure>\n\t<\/div>\n<\/div><\/div><\/div><div class=\"wpb_column vc_column_container vc_col-sm-6\"><div class=\"vc_column-inner\"><div class=\"wpb_wrapper\">\n\t<div  class=\"wpb_single_image wpb_content_element vc_align_left\">\n\t\t\n\t\t<figure class=\"wpb_wrapper vc_figure\">\n\t\t\t<div class=\"vc_single_image-wrapper   vc_box_border_grey\"><img loading=\"lazy\" decoding=\"async\" width=\"1380\" height=\"946\" src=\"https:\/\/maisondemaitre-fongrave.com\/wp-content\/uploads\/2023\/10\/maison-de-maitre-fongrave-home2.jpg\" class=\"vc_single_image-img attachment-full\" alt=\"\" title=\"\" srcset=\"https:\/\/maisondemaitre-fongrave.com\/wp-content\/uploads\/2023\/10\/maison-de-maitre-fongrave-home2.jpg 1380w, https:\/\/maisondemaitre-fongrave.com\/wp-content\/uploads\/2023\/10\/maison-de-maitre-fongrave-home2-250x171.jpg 250w, https:\/\/maisondemaitre-fongrave.com\/wp-content\/uploads\/2023\/10\/maison-de-maitre-fongrave-home2-700x480.jpg 700w, https:\/\/maisondemaitre-fongrave.com\/wp-content\/uploads\/2023\/10\/maison-de-maitre-fongrave-home2-768x526.jpg 768w, https:\/\/maisondemaitre-fongrave.com\/wp-content\/uploads\/2023\/10\/maison-de-maitre-fongrave-home2-120x82.jpg 120w\" sizes=\"auto, (max-width: 1380px) 100vw, 1380px\" \/><\/div>\n\t\t<\/figure>\n\t<\/div>\n\n\t<div class=\"wpb_text_column wpb_content_element  subhead\" >\n\t\t<div class=\"wpb_wrapper\">\n\t\t\t<p style=\"text-align: left;\">En choisissant La Maison de Ma\u00eetre-Fongrave pour vos vacances, vous b\u00e9n\u00e9ficierez d\u2019un point de d\u00e9part id\u00e9al pour aller visiter les ch\u00e2teaux et les sites touristiques des r\u00e9gions avoisinantes de la Dordogne et du Bordelais. Les vignobles de Buzet, Bergerac et Duras, o\u00f9 vous pourrez go\u00fbter et aussi acheter d\u2019agr\u00e9ables vins locaux, ne se trouvent qu\u2019\u00e0 un court trajet en voiture. Les villes de Bordeaux et Saint-\u00c9milion sont accessibles par la route pour une excursion d\u2019une journ\u00e9e. Arr\u00eatez-vous sur le bord am\u00e9nag\u00e9 du Lot, juste derri\u00e8re la mairie du village et observez  ces p\u00eacheurs, locaux ou de passage, tenter leur chance ; faites-en autant si le c\u0153ur vous en dit ! Voyez ces cygnes gracieux, glissant silencieusement sur les eaux calmes, avec, en \u00e9t\u00e9, leurs jeunes cygnons qui les suivent. Faites un tour sur la rivi\u00e8re et admirez la vie sauvage, les martins-p\u00eacheurs, les h\u00e9rons et les libellules, et au-dessus d\u2019eux, le vol tournoyant des faucons et des buses.<\/p>\n\n\t\t<\/div>\n\t<\/div>\n<\/div><\/div><\/div><\/div>\n<\/div>","protected":false},"excerpt":{"rendered":"La Maison de Ma\u00eetre Fongrave is a large, beautifully appointed house built in 1870, perfect for discerning families and groups. Sitting on the banks of the River Lot in the South West French countryside just 90 minutes from both Bordeaux and Toulouse is the idyllic village of Fongrave. Where the undulating hills blend seamlessly with... <a class=\"view-article\" href=\"https:\/\/maisondemaitre-fongrave.com\/fr\/\">Voir l'article<\/a>","protected":false},"author":1,"featured_media":0,"parent":0,"menu_order":0,"comment_status":"closed","ping_status":"closed","template":"","meta":{"footnotes":""},"class_list":["post-9","page","type-page","status-publish","hentry"],"_links":{"self":[{"href":"https:\/\/maisondemaitre-fongrave.com\/fr\/wp-json\/wp\/v2\/pages\/9","targetHints":{"allow":["GET"]}}],"collection":[{"href":"https:\/\/maisondemaitre-fongrave.com\/fr\/wp-json\/wp\/v2\/pages"}],"about":[{"href":"https:\/\/maisondemaitre-fongrave.com\/fr\/wp-json\/wp\/v2\/types\/page"}],"author":[{"embeddable":true,"href":"https:\/\/maisondemaitre-fongrave.com\/fr\/wp-json\/wp\/v2\/users\/1"}],"replies":[{"embeddable":true,"href":"https:\/\/maisondemaitre-fongrave.com\/fr\/wp-json\/wp\/v2\/comments?post=9"}],"version-history":[{"count":13,"href":"https:\/\/maisondemaitre-fongrave.com\/fr\/wp-json\/wp\/v2\/pages\/9\/revisions"}],"predecessor-version":[{"id":11,"href":"https:\/\/maisondemaitre-fongrave.com\/fr\/wp-json\/wp\/v2\/pages\/9\/revisions\/11"}],"wp:attachment":[{"href":"https:\/\/maisondemaitre-fongrave.com\/fr\/wp-json\/wp\/v2\/media?parent=9"}],"curies":[{"name":"wp","href":"https:\/\/api.w.org\/{rel}","templated":true}]}}